{"id":77,"date":"2021-07-26T22:14:52","date_gmt":"2021-07-26T20:14:52","guid":{"rendered":"https:\/\/audencia.ae2agence.ovh\/?page_id=77"},"modified":"2026-01-02T13:08:13","modified_gmt":"2026-01-02T12:08:13","slug":"besoin-dingenieurie-pedagogique","status":"publish","type":"page","link":"https:\/\/learning-teaching.audencia.com\/en\/besoin-dingenieurie-pedagogique\/","title":{"rendered":"Besoin d&#8217;ing\u00e9nierie p\u00e9dagogique"},"content":{"rendered":"<div id='av_section_1'  class='avia-section main_color avia-section-default avia-no-border-styling  avia-bg-style-scroll  avia-builder-el-0  el_before_av_section  avia-builder-el-first  section-top-head  container_wrap fullsize' style='background-color: #f3f4f7;  '  ><div class='container' ><main  role=\"main\" itemprop=\"mainContentOfPage\"  class='template-page content  av-content-full alpha units'><div class='post-entry post-entry-type-page post-entry-77'><div class='entry-content-wrapper clearfix'>\n<div class=\"flex_column av_one_full  flex_column_div av-zero-column-padding first  avia-builder-el-1  el_before_av_textblock  avia-builder-el-first  top-header\" style='border-radius:0px; '><section class=\"av_textblock_section\"  itemscope=\"itemscope\" itemtype=\"https:\/\/schema.org\/CreativeWork\" ><div class='avia_textblock retour-button'   itemprop=\"text\" ><div class=\"img-return\"><a href=\"javascript:history.go(-1)\"><img decoding=\"async\" src=\"\/themes\/enfold\/images\/return-header-logo.svg\" \/><\/a><\/div>\n<div class=\"txt-return\"><a href=\"javascript:history.go(-1)\">Home<br \/>\npage<\/a><\/div>\n<\/div><\/section><\/div><section class=\"av_textblock_section\"  itemscope=\"itemscope\" itemtype=\"https:\/\/schema.org\/CreativeWork\" ><div class='avia_textblock sup-title'   itemprop=\"text\" ><p>Contact us<\/p>\n<\/div><\/section>\n<section class=\"av_textblock_section\"  itemscope=\"itemscope\" itemtype=\"https:\/\/schema.org\/CreativeWork\" ><div class='avia_textblock title-h'   itemprop=\"text\" ><h1>Need some instructional design<br \/>\non your project?<\/h1>\n<\/div><\/section>\n\n<\/div><\/div><\/main><!-- close content main element --><\/div><\/div><div id='av_section_2'  class='avia-section main_color avia-section-default avia-no-border-styling  avia-bg-style-scroll  avia-builder-el-5  el_after_av_section  avia-builder-el-last  section-formulaire  container_wrap fullsize' style='background-color: #f3f4f7;  '  ><div class='container' ><div class='template-page content  av-content-full alpha units'><div class='post-entry post-entry-type-page post-entry-77'><div class='entry-content-wrapper clearfix'>\n<div class=\"flex_column av_one_full  flex_column_div av-zero-column-padding first  avia-builder-el-6  avia-builder-el-no-sibling  formulaire\" style='border-radius:0px; '><section class=\"av_textblock_section\"  itemscope=\"itemscope\" itemtype=\"https:\/\/schema.org\/CreativeWork\" ><div class='avia_textblock content-form'   itemprop=\"text\" >\n<div class=\"wpcf7 no-js\" id=\"wpcf7-f6417-o1\" lang=\"fr-FR\" dir=\"ltr\" data-wpcf7-id=\"6417\">\n<div class=\"screen-reader-response\"><p role=\"status\" aria-live=\"polite\" aria-atomic=\"true\"><\/p> <ul><\/ul><\/div>\n<form action=\"\/en\/wp-json\/wp\/v2\/pages\/77#wpcf7-f6417-o1\" method=\"post\" class=\"wpcf7-form init\" aria-label=\"Formulaire de contact\" novalidate=\"novalidate\" data-status=\"init\" data-trp-original-action=\"\/en\/wp-json\/wp\/v2\/pages\/77#wpcf7-f6417-o1\">\n<fieldset class=\"hidden-fields-container\"><input type=\"hidden\" name=\"_wpcf7\" value=\"6417\" \/><input type=\"hidden\" name=\"_wpcf7_version\" value=\"6.1.5\" \/><input type=\"hidden\" name=\"_wpcf7_locale\" value=\"fr_FR\" \/><input type=\"hidden\" name=\"_wpcf7_unit_tag\" value=\"wpcf7-f6417-o1\" \/><input type=\"hidden\" name=\"_wpcf7_container_post\" value=\"0\" \/><input type=\"hidden\" name=\"_wpcf7_posted_data_hash\" value=\"\" \/>\n<\/fieldset>\n<div class=\"form-wrapper\">\n\n <!-- COLONNE GAUCHE -->\n\t<div class=\"part-left\">\n\t\t<div class=\"title-input\">\n\t\t\t<p>Demandeur(s) du projet*\n\t\t\t<\/p>\n\t\t<\/div>\n\t\t<div class=\"input-form\">\n\t\t\t<p><span class=\"wpcf7-form-control-wrap\" data-name=\"commanditaire-projet\"><input size=\"40\" maxlength=\"400\" class=\"wpcf7-form-control wpcf7-text wpcf7-validates-as-required\" aria-required=\"true\" aria-invalid=\"false\" placeholder=\"Pr\u00e9nom(s), nom(s)\" value=\"\" type=\"text\" name=\"commanditaire-projet\" \/><\/span>\n\t\t\t<\/p>\n\t\t<\/div>\n\t\t<div class=\"title-input\">\n\t\t\t<p>Note your email*\n\t\t\t<\/p>\n\t\t<\/div>\n\t\t<div class=\"input-form\">\n\t\t\t<p><span class=\"wpcf7-form-control-wrap\" data-name=\"comment-joindre\"><input size=\"40\" maxlength=\"400\" class=\"wpcf7-form-control wpcf7-text wpcf7-validates-as-required\" aria-required=\"true\" aria-invalid=\"false\" placeholder=\"Please enter your email address\" value=\"\" type=\"text\" name=\"comment-joindre\" \/><\/span>\n\t\t\t<\/p>\n\t\t<\/div>\n\t\t<div class=\"title-input\">\n\t\t\t<p>Date de d\u00e9but*\n\t\t\t<\/p>\n\t\t<\/div>\n\t\t<div class=\"input-form\">\n\t\t\t<p><span class=\"wpcf7-form-control-wrap\" data-name=\"Date-debut\"><input class=\"wpcf7-form-control wpcf7-date wpcf7-validates-as-required wpcf7-validates-as-date\" aria-required=\"true\" aria-invalid=\"false\" value=\"JJ\/MM\/AAAA\" type=\"date\" name=\"Date-debut\" \/><\/span>\n\t\t\t<\/p>\n\t\t<\/div>\n\t\t<div class=\"title-input\">\n\t\t\t<p>Date de fin*\n\t\t\t<\/p>\n\t\t<\/div>\n\t\t<div class=\"input-form\">\n\t\t\t<p><span class=\"wpcf7-form-control-wrap\" data-name=\"Date-fin\"><input class=\"wpcf7-form-control wpcf7-date wpcf7-validates-as-required wpcf7-validates-as-date\" aria-required=\"true\" aria-invalid=\"false\" value=\"JJ\/MM\/AAAA\" type=\"date\" name=\"Date-fin\" \/><\/span>\n\t\t\t<\/p>\n\t\t<\/div>\n\t\t<div class=\"title-input\">\n\t\t\t<p>Description du projet. Contexte (environnement, actualit\u00e9, march\u00e9, impacts \u2026)*\n\t\t\t<\/p>\n\t\t<\/div>\n\t\t<div class=\"input-form\">\n\t\t\t<p><span class=\"wpcf7-form-control-wrap\" data-name=\"description-projet\"><textarea cols=\"40\" rows=\"10\" maxlength=\"2000\" class=\"wpcf7-form-control wpcf7-textarea wpcf7-validates-as-required\" aria-required=\"true\" aria-invalid=\"false\" placeholder=\"Description g\u00e9n\u00e9rale du projet et objectifs p\u00e9dagogiquesDigitalisation de contenusVolume d\u2019heuresLangue(s)\" name=\"description-projet\"><\/textarea><\/span>\n\t\t\t<\/p>\n\t\t<\/div>\n\t\t<div class=\"title-input\">\n\t\t\t<p>P\u00e9rim\u00e8tre (inclus, exclu)<br \/>\nQuels campus ? France\/international ? Quels profils d'\u00e9tudiants ? Limite de la mission \u2026*\n\t\t\t<\/p>\n\t\t<\/div>\n\t\t<div class=\"input-form\">\n\t\t\t<p><span class=\"wpcf7-form-control-wrap\" data-name=\"perimetre-projet\"><textarea cols=\"40\" rows=\"10\" maxlength=\"2000\" class=\"wpcf7-form-control wpcf7-textarea wpcf7-validates-as-required\" aria-required=\"true\" aria-invalid=\"false\" placeholder=\"Programme(s) vis\u00e9s Etendue du projetNombre d&#039;\u00e9tudiants \/ Type de public \u00e9tudiant\" name=\"perimetre-projet\"><\/textarea><\/span>\n\t\t\t<\/p>\n\t\t<\/div>\n\t<\/div><!-- fin part-left -->\n\n <!-- COLONNE DROITE -->\n\t<div class=\"part-right\">\n\t\t<div class=\"title-input\">\n\t\t\t<p>Qui va \u00eatre impact\u00e9 ?<br \/>\nQuelles Directions ? Quelles fonctions ? Alumni ? Etudiants ? Vacataires ?*\n\t\t\t<\/p>\n\t\t<\/div>\n\t\t<div class=\"input-form\">\n\t\t\t<p><span class=\"wpcf7-form-control-wrap\" data-name=\"impact-projet\"><textarea cols=\"40\" rows=\"10\" maxlength=\"2000\" class=\"wpcf7-form-control wpcf7-textarea wpcf7-validates-as-required\" aria-required=\"true\" aria-invalid=\"false\" placeholder=\"Nombre d&#039;enseignants impliqu\u00e9sAutres parties prenantes\" name=\"impact-projet\"><\/textarea><\/span>\n\t\t\t<\/p>\n\t\t<\/div>\n\t\t<div class=\"title-input\">\n\t\t\t<p>Objectifs (valeur attendue, crit\u00e8res d\u2019atteinte) \/ KPIs Augmenter\/r\u00e9duire\/am\u00e9liorer\/cr\u00e9er + si possible quantifier*\n\t\t\t<\/p>\n\t\t<\/div>\n\t\t<div class=\"input-form\">\n\t\t\t<p><span class=\"wpcf7-form-control-wrap\" data-name=\"objectifs-projet\"><textarea cols=\"40\" rows=\"10\" maxlength=\"2000\" class=\"wpcf7-form-control wpcf7-textarea wpcf7-validates-as-required\" aria-required=\"true\" aria-invalid=\"false\" placeholder=\"CA g\u00e9n\u00e9r\u00e9 (si calculable)ROI (si calculable)Diff\u00e9renciation de la concurrence (si benchmark)Gain\/Risque image (Am\u00e9lioration qualitative pour l&#039;exp\u00e9rience d&#039;apprentissage \u00e9tudiante \/ Alignement \u00e0 la strat\u00e9gie)Gain Social (Am\u00e9lioration qualitative pour l&#039;exp\u00e9rience d&#039;apprentissage enseignante  \/  Accesibilit\u00e9 \/ Alignement \u00e0 la strat\u00e9gie institutionnelle (plan strat\u00e9gique et signature p\u00e9dagogique))RSE (Impact production et r\u00e9alisation, replicabilit\u00e9...)Conformit\u00e9 r\u00e9glementaire (Crit\u00e8res de conformit\u00e9 handicap et mesures d&#039;accompagnement sp\u00e9cifiques pour r\u00e9pondre \u00e0 des situations de handicap (Qualiopi), France Comp\u00e9tences (RNCP, RS), Accr\u00e9ditations Internationales\u2026)\" name=\"objectifs-projet\"><\/textarea><\/span>\n\t\t\t<\/p>\n\t\t<\/div>\n\t\t<div class=\"title-input\">\n\t\t\t<p>Livrables (services, produits, documents permettant d'atteindre les objectifs attendus)*\n\t\t\t<\/p>\n\t\t<\/div>\n\t\t<div class=\"input-form\">\n\t\t\t<p><span class=\"wpcf7-form-control-wrap\" data-name=\"livrables-projet\"><textarea cols=\"40\" rows=\"10\" maxlength=\"2000\" class=\"wpcf7-form-control wpcf7-textarea wpcf7-validates-as-required\" aria-required=\"true\" aria-invalid=\"false\" placeholder=\"Scenario p\u00e9dagogique, module d&#039;apprentissage online\u2026\" name=\"livrables-projet\"><\/textarea><\/span>\n\t\t\t<\/p>\n\t\t<\/div>\n\t\t<div class=\"input-form-validate\">\n\t\t\t<p><input class=\"wpcf7-form-control wpcf7-submit has-spinner\" type=\"submit\" value=\"I&#039;m done! Send my request\" \/>\n\t\t\t<\/p>\n\t\t<\/div>\n\t<\/div><!-- fin part-right -->\n<\/div><!-- fin form-wrapper --><div class=\"wpcf7-response-output\" aria-hidden=\"true\"><\/div>\n<input type=\"hidden\" name=\"trp-form-language\" value=\"en\"\/><\/form>\n<\/div>\n\n<\/div><\/section><\/div>","protected":false},"excerpt":{"rendered":"","protected":false},"author":1,"featured_media":0,"parent":0,"menu_order":0,"comment_status":"closed","ping_status":"closed","template":"","meta":{"footnotes":""},"class_list":["post-77","page","type-page","status-publish","hentry"],"yoast_head":"<!-- This site is optimized with the Yoast SEO plugin v27.3 - https:\/\/yoast.com\/product\/yoast-seo-wordpress\/ -->\n<title>Besoin d&#039;ing\u00e9nierie p\u00e9dagogique - Audencia Learning &amp; Teaching Hub<\/title>\n<meta name=\"robots\" content=\"noindex, follow, max-snippet:-1, max-image-preview:large, max-video-preview:-1\" \/>\n<meta property=\"og:locale\" content=\"en_GB\" \/>\n<meta property=\"og:type\" content=\"article\" \/>\n<meta property=\"og:title\" content=\"Besoin d&#039;ing\u00e9nierie p\u00e9dagogique - Audencia Learning &amp; Teaching Hub\" \/>\n<meta property=\"og:url\" content=\"https:\/\/learning-teaching.audencia.com\/en\/besoin-dingenieurie-pedagogique\/\" \/>\n<meta property=\"og:site_name\" content=\"Audencia Learning &amp; Teaching Hub\" \/>\n<meta property=\"article:modified_time\" content=\"2026-01-02T12:08:13+00:00\" \/>\n<meta property=\"og:image\" content=\"https:\/\/learning-teaching.audencia.com\/wp-content\/uploads\/2023\/02\/cropped-LearningTeachingHUB_2-07.png\" \/>\n\t<meta property=\"og:image:width\" content=\"512\" \/>\n\t<meta property=\"og:image:height\" content=\"512\" \/>\n\t<meta property=\"og:image:type\" content=\"image\/png\" \/>\n<meta name=\"twitter:card\" content=\"summary_large_image\" \/>\n<meta name=\"twitter:label1\" content=\"Estimated reading time\" \/>\n\t<meta name=\"twitter:data1\" content=\"2 minutes\" \/>\n<script type=\"application\/ld+json\" class=\"yoast-schema-graph\">{\"@context\":\"https:\\\/\\\/schema.org\",\"@graph\":[{\"@type\":\"WebPage\",\"@id\":\"https:\\\/\\\/learning-teaching.audencia.com\\\/besoin-dingenieurie-pedagogique\\\/\",\"url\":\"https:\\\/\\\/learning-teaching.audencia.com\\\/besoin-dingenieurie-pedagogique\\\/\",\"name\":\"Besoin d'ing\u00e9nierie p\u00e9dagogique - Audencia Learning &amp; Teaching Hub\",\"isPartOf\":{\"@id\":\"https:\\\/\\\/learning-teaching.audencia.com\\\/#website\"},\"datePublished\":\"2021-07-26T20:14:52+00:00\",\"dateModified\":\"2026-01-02T12:08:13+00:00\",\"breadcrumb\":{\"@id\":\"https:\\\/\\\/learning-teaching.audencia.com\\\/besoin-dingenieurie-pedagogique\\\/#breadcrumb\"},\"inLanguage\":\"en-GB\",\"potentialAction\":[{\"@type\":\"ReadAction\",\"target\":[\"https:\\\/\\\/learning-teaching.audencia.com\\\/besoin-dingenieurie-pedagogique\\\/\"]}]},{\"@type\":\"BreadcrumbList\",\"@id\":\"https:\\\/\\\/learning-teaching.audencia.com\\\/besoin-dingenieurie-pedagogique\\\/#breadcrumb\",\"itemListElement\":[{\"@type\":\"ListItem\",\"position\":1,\"name\":\"Accueil\",\"item\":\"https:\\\/\\\/learning-teaching.audencia.com\\\/\"},{\"@type\":\"ListItem\",\"position\":2,\"name\":\"Besoin d&#8217;ing\u00e9nierie p\u00e9dagogique\"}]},{\"@type\":\"WebSite\",\"@id\":\"https:\\\/\\\/learning-teaching.audencia.com\\\/#website\",\"url\":\"https:\\\/\\\/learning-teaching.audencia.com\\\/\",\"name\":\"Audencia Learning & Teaching Hub\",\"description\":\"\",\"publisher\":{\"@id\":\"https:\\\/\\\/learning-teaching.audencia.com\\\/#organization\"},\"potentialAction\":[{\"@type\":\"SearchAction\",\"target\":{\"@type\":\"EntryPoint\",\"urlTemplate\":\"https:\\\/\\\/learning-teaching.audencia.com\\\/?s={search_term_string}\"},\"query-input\":{\"@type\":\"PropertyValueSpecification\",\"valueRequired\":true,\"valueName\":\"search_term_string\"}}],\"inLanguage\":\"en-GB\"},{\"@type\":\"Organization\",\"@id\":\"https:\\\/\\\/learning-teaching.audencia.com\\\/#organization\",\"name\":\"Audencia Learning & Teaching Hub\",\"url\":\"https:\\\/\\\/learning-teaching.audencia.com\\\/\",\"logo\":{\"@type\":\"ImageObject\",\"inLanguage\":\"en-GB\",\"@id\":\"https:\\\/\\\/learning-teaching.audencia.com\\\/#\\\/schema\\\/logo\\\/image\\\/\",\"url\":\"https:\\\/\\\/learning-teaching.audencia.com\\\/wp-content\\\/uploads\\\/2023\\\/02\\\/cropped-LearningTeachingHUB_2-07.png\",\"contentUrl\":\"https:\\\/\\\/learning-teaching.audencia.com\\\/wp-content\\\/uploads\\\/2023\\\/02\\\/cropped-LearningTeachingHUB_2-07.png\",\"width\":512,\"height\":512,\"caption\":\"Audencia Learning & Teaching Hub\"},\"image\":{\"@id\":\"https:\\\/\\\/learning-teaching.audencia.com\\\/#\\\/schema\\\/logo\\\/image\\\/\"}}]}<\/script>\n<!-- \/ Yoast SEO plugin. -->","yoast_head_json":{"title":"Besoin d'ing\u00e9nierie p\u00e9dagogique - Audencia Learning &amp; Teaching Hub","robots":{"index":"noindex","follow":"follow","max-snippet":"max-snippet:-1","max-image-preview":"max-image-preview:large","max-video-preview":"max-video-preview:-1"},"og_locale":"en_GB","og_type":"article","og_title":"Besoin d'ing\u00e9nierie p\u00e9dagogique - Audencia Learning &amp; Teaching Hub","og_url":"https:\/\/learning-teaching.audencia.com\/en\/besoin-dingenieurie-pedagogique\/","og_site_name":"Audencia Learning &amp; Teaching Hub","article_modified_time":"2026-01-02T12:08:13+00:00","og_image":[{"width":512,"height":512,"url":"https:\/\/learning-teaching.audencia.com\/wp-content\/uploads\/2023\/02\/cropped-LearningTeachingHUB_2-07.png","type":"image\/png"}],"twitter_card":"summary_large_image","twitter_misc":{"Estimated reading time":"2 minutes"},"schema":{"@context":"https:\/\/schema.org","@graph":[{"@type":"WebPage","@id":"https:\/\/learning-teaching.audencia.com\/besoin-dingenieurie-pedagogique\/","url":"https:\/\/learning-teaching.audencia.com\/besoin-dingenieurie-pedagogique\/","name":"Besoin d'ing\u00e9nierie p\u00e9dagogique - Audencia Learning &amp; Teaching Hub","isPartOf":{"@id":"https:\/\/learning-teaching.audencia.com\/#website"},"datePublished":"2021-07-26T20:14:52+00:00","dateModified":"2026-01-02T12:08:13+00:00","breadcrumb":{"@id":"https:\/\/learning-teaching.audencia.com\/besoin-dingenieurie-pedagogique\/#breadcrumb"},"inLanguage":"en-GB","potentialAction":[{"@type":"ReadAction","target":["https:\/\/learning-teaching.audencia.com\/besoin-dingenieurie-pedagogique\/"]}]},{"@type":"BreadcrumbList","@id":"https:\/\/learning-teaching.audencia.com\/besoin-dingenieurie-pedagogique\/#breadcrumb","itemListElement":[{"@type":"ListItem","position":1,"name":"Accueil","item":"https:\/\/learning-teaching.audencia.com\/"},{"@type":"ListItem","position":2,"name":"Besoin d&#8217;ing\u00e9nierie p\u00e9dagogique"}]},{"@type":"WebSite","@id":"https:\/\/learning-teaching.audencia.com\/#website","url":"https:\/\/learning-teaching.audencia.com\/","name":"Audencia Learning & Teaching Hub","description":"","publisher":{"@id":"https:\/\/learning-teaching.audencia.com\/#organization"},"potentialAction":[{"@type":"SearchAction","target":{"@type":"EntryPoint","urlTemplate":"https:\/\/learning-teaching.audencia.com\/?s={search_term_string}"},"query-input":{"@type":"PropertyValueSpecification","valueRequired":true,"valueName":"search_term_string"}}],"inLanguage":"en-GB"},{"@type":"Organization","@id":"https:\/\/learning-teaching.audencia.com\/#organization","name":"Audencia Learning & Teaching Hub","url":"https:\/\/learning-teaching.audencia.com\/","logo":{"@type":"ImageObject","inLanguage":"en-GB","@id":"https:\/\/learning-teaching.audencia.com\/#\/schema\/logo\/image\/","url":"https:\/\/learning-teaching.audencia.com\/wp-content\/uploads\/2023\/02\/cropped-LearningTeachingHUB_2-07.png","contentUrl":"https:\/\/learning-teaching.audencia.com\/wp-content\/uploads\/2023\/02\/cropped-LearningTeachingHUB_2-07.png","width":512,"height":512,"caption":"Audencia Learning & Teaching Hub"},"image":{"@id":"https:\/\/learning-teaching.audencia.com\/#\/schema\/logo\/image\/"}}]}},"_links":{"self":[{"href":"https:\/\/learning-teaching.audencia.com\/en\/wp-json\/wp\/v2\/pages\/77","targetHints":{"allow":["GET"]}}],"collection":[{"href":"https:\/\/learning-teaching.audencia.com\/en\/wp-json\/wp\/v2\/pages"}],"about":[{"href":"https:\/\/learning-teaching.audencia.com\/en\/wp-json\/wp\/v2\/types\/page"}],"author":[{"embeddable":true,"href":"https:\/\/learning-teaching.audencia.com\/en\/wp-json\/wp\/v2\/users\/1"}],"replies":[{"embeddable":true,"href":"https:\/\/learning-teaching.audencia.com\/en\/wp-json\/wp\/v2\/comments?post=77"}],"version-history":[{"count":3,"href":"https:\/\/learning-teaching.audencia.com\/en\/wp-json\/wp\/v2\/pages\/77\/revisions"}],"predecessor-version":[{"id":6463,"href":"https:\/\/learning-teaching.audencia.com\/en\/wp-json\/wp\/v2\/pages\/77\/revisions\/6463"}],"wp:attachment":[{"href":"https:\/\/learning-teaching.audencia.com\/en\/wp-json\/wp\/v2\/media?parent=77"}],"curies":[{"name":"wp","href":"https:\/\/api.w.org\/{rel}","templated":true}]}}