{"id":257,"date":"2021-07-28T17:35:55","date_gmt":"2021-07-28T15:35:55","guid":{"rendered":"https:\/\/audencia.ae2agence.ovh\/?page_id=257"},"modified":"2025-01-03T11:49:35","modified_gmt":"2025-01-03T10:49:35","slug":"animer-et-evaluer-les-etudiants","status":"publish","type":"page","link":"https:\/\/learning-teaching.audencia.com\/en\/animer-et-evaluer-les-etudiants\/","title":{"rendered":"FACILITATING AND EVALUATING STUDENTS"},"content":{"rendered":"<div id='av_section_1'  class='avia-section main_color avia-section-default avia-no-border-styling  avia-bg-style-scroll  avia-builder-el-0  el_before_av_section  avia-builder-el-first  section-top-head  container_wrap fullsize' style='background-color: #fff8f1;  '  ><div class='container' ><main  role=\"main\" itemprop=\"mainContentOfPage\"  class='template-page content  av-content-full alpha units'><div class='post-entry post-entry-type-page post-entry-257'><div class='entry-content-wrapper clearfix'>\n<div class=\"flex_column av_one_full  flex_column_div av-zero-column-padding first  avia-builder-el-1  avia-builder-el-no-sibling  top-header \" style='border-radius:0px; '><section class=\"av_textblock_section \"  itemscope=\"itemscope\" itemtype=\"https:\/\/schema.org\/CreativeWork\" ><div class='avia_textblock retour-button '   itemprop=\"text\" ><div class=\"img-return\"><a href=\"https:\/\/learning-teaching.audencia.com\/\"><img decoding=\"async\" src=\"\/themes\/enfold\/images\/return-header-logo.svg\" \/><\/a><\/div>\n<div class=\"txt-return\"><a href=\"https:\/\/learning-teaching.audencia.com\/\">Retour au menu<br \/>\nprincipal<\/a><\/div>\n<\/div><\/section><\/div>\n\n<\/div><\/div><\/main><!-- close content main element --><\/div><\/div><div id='av_section_2'  class='avia-section main_color avia-section-default avia-no-border-styling  avia-bg-style-scroll  avia-builder-el-3  el_after_av_section  el_before_av_postcontent  section-cetegorie-page-level1  container_wrap fullsize' style='background-color: #fff8f1;  '  ><div class='container' ><div class='template-page content  av-content-full alpha units'><div class='post-entry post-entry-type-page post-entry-257'><div class='entry-content-wrapper clearfix'>\n<div class=\"flex_column av_one_half  flex_column_div av-zero-column-padding first  avia-builder-el-4  el_before_av_one_half  avia-builder-el-first  home-button-circle \" style='border-radius:0px; '><section class=\"av_textblock_section \"  itemscope=\"itemscope\" itemtype=\"https:\/\/schema.org\/CreativeWork\" ><div class='avia_textblock home-container-button '   itemprop=\"text\" ><div class=\"container-spacing-color\">\n<div class=\"container-bg-color\">\n<div class=\"part-picto-svg\"><img decoding=\"async\" src=\"https:\/\/learning-teaching.audencia.com\/themes\/enfold\/images\/home-button2.svg\" \/><\/div>\n<div class=\"part-title-button\">ANIMER ET \u00c9VALUER<br \/>\nLES ETUDIANTS<\/div>\n<\/div>\n<\/div>\n<\/div><\/section><\/div><div class=\"flex_column av_one_half  flex_column_div av-zero-column-padding   avia-builder-el-6  el_after_av_one_half  avia-builder-el-last  section-cetegorie-container \" style='border-radius:0px; '><section class=\"av_textblock_section \"  itemscope=\"itemscope\" itemtype=\"https:\/\/schema.org\/CreativeWork\" ><div class='avia_textblock section-bloc-submenu '   itemprop=\"text\" ><div class=\"sub-categ-container subcateg1\">\n<div class=\"scc-title\"><span data-olk-copy-source=\"MessageBody\">\u00c9v\u00e8nements inspirants<\/span><\/div>\n<div class=\"scc-info\"><div class=\"show_more\"><p class=\"wpsm-show\" style=\"color: #cc0000; font-size: 100%; text-align: left;\"> En savoir plus<\/p><div class=\"wpsm-content\"> Cette section vise \u00e0 recenser diverses modalit\u00e9s et \u00e9v\u00e8nements inspirants.<br \/>\n <p class=\"wpsm-hide\" style=\"color: #cc0000; font-size: 100%; text-align: left;\"> J\u2019ai compris !<\/p><\/div><\/div><\/div>\n<div class=\"scc-button\"><a href=\"https:\/\/learning-teaching.audencia.com\/jorganise-mon-cours\/evenements-inspirants\">Acc\u00e9der<\/a><\/div>\n<\/div>\n<div class=\"sub-categ-container subcateg2\">\n<div class=\"scc-title\"><span data-olk-copy-source=\"MessageBody\">Techniques et m\u00e9thodes d\u2019animation<\/span><\/div>\n<div class=\"scc-info\"><div class=\"show_more\"><p class=\"wpsm-show\" style=\"color: #cc0000; font-size: 100%; text-align: left;\"> En savoir plus<\/p><div class=\"wpsm-content\"> Cette section vise \u00e0 pr\u00e9senter diverses techniques et m\u00e9thodes d\u2019animation que ce soit sur des grands ou petits groupes d\u2019apprenants. <p class=\"wpsm-hide\" style=\"color: #cc0000; font-size: 100%; text-align: left;\"> J\u2019ai compris !<\/p><\/div><\/div><\/div>\n<div class=\"scc-button\"><a href=\"https:\/\/learning-teaching.audencia.com\/janime-mon-cours\/techniques-et-methodes-animation\">Acc\u00e9der<\/a><\/div>\n<\/div>\n<div class=\"sub-categ-container subcateg3\">\n<div class=\"scc-title\"><span data-olk-copy-source=\"MessageBody\">Pratiques d\u2019\u00e9valuation<\/span><\/div>\n<div class=\"scc-info\"><div class=\"show_more\"><p class=\"wpsm-show\" style=\"color: #cc0000; font-size: 100%; text-align: left;\"> En savoir plus<\/p><div class=\"wpsm-content\"> Cette section est destin\u00e9e \u00e0 conseiller les formateurs sur les pratiques d\u2019\u00e9valuation. <p class=\"wpsm-hide\" style=\"color: #cc0000; font-size: 100%; text-align: left;\"> J\u2019ai compris !<\/p><\/div><\/div><\/div>\n<div class=\"scc-button\"><a href=\"https:\/\/learning-teaching.audencia.com\/janime-mon-cours\/pratiques-evaluation\">Acc\u00e9der<\/a><\/div>\n<\/div>\n<\/div><\/section><\/div>[av_section min_height='' min_height_pc='25' min_height_px='500px' padding='no-padding' custom_margin='0px' custom_margin_sync='true' color='footer_color' background='bg_color' custom_bg='' background_gradient_color1='' background_gradient_color2='' background_gradient_direction='vertical' src='' attachment='' attachment_size='' attach='scroll' position='top left' repeat='no-repeat' video='' video_ratio='16:9' overlay_opacity='0.5' overlay_color='' overlay_pattern='' overlay_custom_pattern='' shadow='no-border-styling' bottom_border='no-border-styling' bottom_border_diagonal_color='#333333' bottom_border_diagonal_direction='' bottom_border_style='' custom_arrow_bg='' id='' custom_class='' template_class='' aria_label='' av_element_hidden_in_editor='0' av_uid='av-m4jwhmw5' sc_version='1.0']\r\n\r\n[av_hr class='default' icon_select='yes' icon='ue808' font='entypo-fontello' position='center' shadow='shadow' height='50' custom_border='av-border-fat' custom_width='50px' custom_margin_top='30px' custom_margin_bottom='30px' custom_border_color='' custom_icon_color='' id='' custom_class='' template_class='' av_uid='av-m4jyhhxe' sc_version='1.0' admin_preview_bg='rgb(241, 241, 241)']\r\n\r\n[av_one_fourth first min_height='' vertical_alignment='av-align-top' space='' row_boxshadow_color='' row_boxshadow_width='10' margin='0px' margin_sync='true' mobile_breaking='' border='' border_color='' radius='0px' radius_sync='true' padding='0px' padding_sync='true' column_boxshadow_color='' column_boxshadow_width='10' background='bg_color' background_color='' background_gradient_color1='' background_gradient_color2='' background_gradient_direction='vertical' src='' attachment='' attachment_size='' background_position='top left' background_repeat='no-repeat' highlight_size='1.1' animation='left-to-right' link='' linktarget='' link_hover='' title_attr='' alt_attr='' mobile_display='' id='' custom_class='' template_class='' aria_label='' av_uid='av-yk5lr' sc_version='1.0']\r\n\r\n[av_textblock size='' av-medium-font-size='' av-small-font-size='' av-mini-font-size='' font_color='' color='' id='' custom_class='' template_class='' av_uid='av-m4jw3i5s' sc_version='1.0' admin_preview_bg='']\r\n<div class=\"container-home-action-bottom\" style=\"text-align: center;\">\r\n<div class=\"part-title-button\">\u00c0 propos du portail<\/div>\r\n<div class=\"part-title-button\">p\u00e9dagogique\r\n<a style=\"color: #002b59;\" href=\"https:\/\/learning-teaching.audencia.com\/a-propos-du-portail-pedagogique\/\">Plus d\u2019infos par ici<\/a><\/div>\r\n<div class=\"part-picto-svg\"><img decoding=\"async\" class=\"aligncenter\" src=\"\/themes\/enfold\/images\/teams-logo.svg\" \/><\/div>\r\n<\/div>\r\n[\/av_textblock]\r\n\r\n[\/av_one_fourth][av_one_fourth min_height='' vertical_alignment='av-align-top' space='' row_boxshadow_color='' row_boxshadow_width='10' margin='0px' margin_sync='true' mobile_breaking='' border='' border_color='' radius='0px' radius_sync='true' padding='0px' padding_sync='true' column_boxshadow_color='' column_boxshadow_width='10' background='bg_color' background_color='' background_gradient_color1='' background_gradient_color2='' background_gradient_direction='vertical' src='' attachment='' attachment_size='' background_position='top left' background_repeat='no-repeat' highlight_size='1.1' animation='left-to-right' link='' linktarget='' link_hover='' title_attr='' alt_attr='' mobile_display='' id='' custom_class='' template_class='' aria_label='' av_uid='av-qyffr' sc_version='1.0']\r\n\r\n[av_textblock size='' av-medium-font-size='' av-small-font-size='' av-mini-font-size='' font_color='' color='' id='' custom_class='' template_class='' av_uid='av-m7hvz' sc_version='1.0' admin_preview_bg='']\r\n<div class=\"container-home-action-bottom\" style=\"text-align: center;\">\r\n<div class=\"part-title-button\">Besoin d'\u00e9changer avec<\/div>\r\n<div class=\"part-title-button\">notre \u00e9quipe ?\r\n<a style=\"color: #002b59;\" href=\"mailto:pedagogy@audencia.com\">Contactez-nous par mail<\/a><\/div>\r\n<div class=\"part-picto-svg\"><img decoding=\"async\" class=\"aligncenter\" src=\"\/themes\/enfold\/images\/lqd.svg\" \/><\/div>\r\n<\/div>\r\n[\/av_textblock]\r\n\r\n[\/av_one_fourth][av_one_fourth min_height='' vertical_alignment='av-align-top' space='' row_boxshadow_color='' row_boxshadow_width='10' margin='0px' margin_sync='true' mobile_breaking='' border='' border_color='' radius='0px' radius_sync='true' padding='0px' padding_sync='true' column_boxshadow_color='' column_boxshadow_width='10' background='bg_color' background_color='' background_gradient_color1='' background_gradient_color2='' background_gradient_direction='vertical' src='' attachment='' attachment_size='' background_position='top left' background_repeat='no-repeat' highlight_size='1.1' animation='left-to-right' link='' linktarget='' link_hover='' title_attr='' alt_attr='' mobile_display='' id='' custom_class='' template_class='' aria_label='' av_uid='av-d4sbb' sc_version='1.0']\r\n\r\n[av_textblock size='' av-medium-font-size='' av-small-font-size='' av-mini-font-size='' font_color='' color='' id='' custom_class='' template_class='' av_uid='av-m4jw3ok2' sc_version='1.0' admin_preview_bg='']\r\n<div class=\"container-home-action-bottom\" style=\"text-align: center;\">\r\n<div class=\"part-title-button\">Besoin d\u2019ing\u00e9nierie p\u00e9dagogique<\/div>\r\n<div class=\"part-title-button\">sur un projet ?\r\n<a style=\"color: #002b59;\" href=\"https:\/\/learning-teaching.audencia.com\/besoin-dingenieurie-pedagogique\">Remplissez le formulaire ci-joint<\/a><\/div>\r\n<div class=\"part-picto-svg\"><img loading=\"lazy\" decoding=\"async\" class=\"aligncenter\" src=\"\/themes\/enfold\/images\/besoin-pedagogique.svg\" width=\"59\" height=\"56\" \/><\/div>\r\n<\/div>\r\n[\/av_textblock]\r\n\r\n[\/av_one_fourth][av_one_fourth min_height='' vertical_alignment='av-align-top' space='' row_boxshadow_color='' row_boxshadow_width='10' margin='0px' margin_sync='true' mobile_breaking='' border='' border_color='' radius='0px' radius_sync='true' padding='0px' padding_sync='true' column_boxshadow_color='' column_boxshadow_width='10' background='bg_color' background_color='' background_gradient_color1='' background_gradient_color2='' background_gradient_direction='vertical' src='' attachment='' attachment_size='' background_position='top left' background_repeat='no-repeat' highlight_size='1.1' animation='left-to-right' link='' linktarget='' link_hover='' title_attr='' alt_attr='' mobile_display='' id='' custom_class='' template_class='' aria_label='' av_uid='av-93c7b' sc_version='1.0']\r\n\r\n[av_textblock size='' av-medium-font-size='' av-small-font-size='' av-mini-font-size='' font_color='' color='' id='' custom_class='' template_class='' av_uid='av-m4jw3x5p' sc_version='1.0' admin_preview_bg='']\r\n<div class=\"container-home-action-bottom\" style=\"text-align: center;\">\r\n<div class=\"part-title-button\">Le LQD et le Knowledge Hub<\/div>\r\n<div class=\"part-title-button\">veillent pour vous !\r\n<a style=\"color: #002b59;\" href=\"https:\/\/learning-teaching.audencia.com\/newsletters\">Retrouvez toutes les newsletters<\/a><\/div>\r\n<div class=\"part-picto-svg\"><img loading=\"lazy\" decoding=\"async\" class=\"aligncenter\" src=\"\/themes\/enfold\/images\/picto-a-propos.svg\" width=\"36\" height=\"36\" \/><\/div>\r\n<\/div>\r\n[\/av_textblock]\r\n\r\n[\/av_one_fourth][\/av_section]\n","protected":false},"excerpt":{"rendered":"","protected":false},"author":1,"featured_media":0,"parent":0,"menu_order":0,"comment_status":"closed","ping_status":"closed","template":"","meta":{"footnotes":""},"class_list":["post-257","page","type-page","status-publish","hentry"],"yoast_head":"<!-- This site is optimized with the Yoast SEO plugin v27.3 - https:\/\/yoast.com\/product\/yoast-seo-wordpress\/ -->\n<title>ANIMER ET \u00c9VALUER LES ETUDIANTS - Audencia Learning &amp; Teaching Hub<\/title>\n<meta name=\"robots\" content=\"noindex, follow, max-snippet:-1, max-image-preview:large, max-video-preview:-1\" \/>\n<meta property=\"og:locale\" content=\"en_GB\" \/>\n<meta property=\"og:type\" content=\"article\" \/>\n<meta property=\"og:title\" content=\"ANIMER ET \u00c9VALUER LES ETUDIANTS - Audencia Learning &amp; Teaching Hub\" \/>\n<meta property=\"og:url\" content=\"https:\/\/learning-teaching.audencia.com\/en\/animer-et-evaluer-les-etudiants\/\" \/>\n<meta property=\"og:site_name\" content=\"Audencia Learning &amp; Teaching Hub\" \/>\n<meta property=\"article:modified_time\" content=\"2025-01-03T10:49:35+00:00\" \/>\n<meta property=\"og:image\" content=\"https:\/\/learning-teaching.audencia.com\/themes\/enfold\/images\/home-button2.svg\" \/>\n<meta name=\"twitter:card\" content=\"summary_large_image\" \/>\n<meta name=\"twitter:label1\" content=\"Estimated reading time\" \/>\n\t<meta name=\"twitter:data1\" content=\"3 minutes\" \/>\n<script type=\"application\/ld+json\" class=\"yoast-schema-graph\">{\"@context\":\"https:\\\/\\\/schema.org\",\"@graph\":[{\"@type\":\"WebPage\",\"@id\":\"https:\\\/\\\/learning-teaching.audencia.com\\\/animer-et-evaluer-les-etudiants\\\/\",\"url\":\"https:\\\/\\\/learning-teaching.audencia.com\\\/animer-et-evaluer-les-etudiants\\\/\",\"name\":\"ANIMER ET \u00c9VALUER LES ETUDIANTS - Audencia Learning &amp; Teaching Hub\",\"isPartOf\":{\"@id\":\"https:\\\/\\\/learning-teaching.audencia.com\\\/#website\"},\"primaryImageOfPage\":{\"@id\":\"https:\\\/\\\/learning-teaching.audencia.com\\\/animer-et-evaluer-les-etudiants\\\/#primaryimage\"},\"image\":{\"@id\":\"https:\\\/\\\/learning-teaching.audencia.com\\\/animer-et-evaluer-les-etudiants\\\/#primaryimage\"},\"thumbnailUrl\":\"https:\\\/\\\/learning-teaching.audencia.com\\\/themes\\\/enfold\\\/images\\\/home-button2.svg\",\"datePublished\":\"2021-07-28T15:35:55+00:00\",\"dateModified\":\"2025-01-03T10:49:35+00:00\",\"breadcrumb\":{\"@id\":\"https:\\\/\\\/learning-teaching.audencia.com\\\/animer-et-evaluer-les-etudiants\\\/#breadcrumb\"},\"inLanguage\":\"en-GB\",\"potentialAction\":[{\"@type\":\"ReadAction\",\"target\":[\"https:\\\/\\\/learning-teaching.audencia.com\\\/animer-et-evaluer-les-etudiants\\\/\"]}]},{\"@type\":\"ImageObject\",\"inLanguage\":\"en-GB\",\"@id\":\"https:\\\/\\\/learning-teaching.audencia.com\\\/animer-et-evaluer-les-etudiants\\\/#primaryimage\",\"url\":\"https:\\\/\\\/learning-teaching.audencia.com\\\/themes\\\/enfold\\\/images\\\/home-button2.svg\",\"contentUrl\":\"https:\\\/\\\/learning-teaching.audencia.com\\\/themes\\\/enfold\\\/images\\\/home-button2.svg\"},{\"@type\":\"BreadcrumbList\",\"@id\":\"https:\\\/\\\/learning-teaching.audencia.com\\\/animer-et-evaluer-les-etudiants\\\/#breadcrumb\",\"itemListElement\":[{\"@type\":\"ListItem\",\"position\":1,\"name\":\"Accueil\",\"item\":\"https:\\\/\\\/learning-teaching.audencia.com\\\/\"},{\"@type\":\"ListItem\",\"position\":2,\"name\":\"ANIMER ET \u00c9VALUER LES ETUDIANTS\"}]},{\"@type\":\"WebSite\",\"@id\":\"https:\\\/\\\/learning-teaching.audencia.com\\\/#website\",\"url\":\"https:\\\/\\\/learning-teaching.audencia.com\\\/\",\"name\":\"Audencia Learning & Teaching Hub\",\"description\":\"\",\"publisher\":{\"@id\":\"https:\\\/\\\/learning-teaching.audencia.com\\\/#organization\"},\"potentialAction\":[{\"@type\":\"SearchAction\",\"target\":{\"@type\":\"EntryPoint\",\"urlTemplate\":\"https:\\\/\\\/learning-teaching.audencia.com\\\/?s={search_term_string}\"},\"query-input\":{\"@type\":\"PropertyValueSpecification\",\"valueRequired\":true,\"valueName\":\"search_term_string\"}}],\"inLanguage\":\"en-GB\"},{\"@type\":\"Organization\",\"@id\":\"https:\\\/\\\/learning-teaching.audencia.com\\\/#organization\",\"name\":\"Audencia Learning & Teaching Hub\",\"url\":\"https:\\\/\\\/learning-teaching.audencia.com\\\/\",\"logo\":{\"@type\":\"ImageObject\",\"inLanguage\":\"en-GB\",\"@id\":\"https:\\\/\\\/learning-teaching.audencia.com\\\/#\\\/schema\\\/logo\\\/image\\\/\",\"url\":\"https:\\\/\\\/learning-teaching.audencia.com\\\/wp-content\\\/uploads\\\/2023\\\/02\\\/cropped-LearningTeachingHUB_2-07.png\",\"contentUrl\":\"https:\\\/\\\/learning-teaching.audencia.com\\\/wp-content\\\/uploads\\\/2023\\\/02\\\/cropped-LearningTeachingHUB_2-07.png\",\"width\":512,\"height\":512,\"caption\":\"Audencia Learning & Teaching Hub\"},\"image\":{\"@id\":\"https:\\\/\\\/learning-teaching.audencia.com\\\/#\\\/schema\\\/logo\\\/image\\\/\"}}]}<\/script>\n<!-- \/ Yoast SEO plugin. -->","yoast_head_json":{"title":"ANIMER ET \u00c9VALUER LES ETUDIANTS - Audencia Learning &amp; Teaching Hub","robots":{"index":"noindex","follow":"follow","max-snippet":"max-snippet:-1","max-image-preview":"max-image-preview:large","max-video-preview":"max-video-preview:-1"},"og_locale":"en_GB","og_type":"article","og_title":"ANIMER ET \u00c9VALUER LES ETUDIANTS - Audencia Learning &amp; Teaching Hub","og_url":"https:\/\/learning-teaching.audencia.com\/en\/animer-et-evaluer-les-etudiants\/","og_site_name":"Audencia Learning &amp; Teaching Hub","article_modified_time":"2025-01-03T10:49:35+00:00","og_image":[{"url":"https:\/\/learning-teaching.audencia.com\/themes\/enfold\/images\/home-button2.svg","type":"","width":"","height":""}],"twitter_card":"summary_large_image","twitter_misc":{"Estimated reading time":"3 minutes"},"schema":{"@context":"https:\/\/schema.org","@graph":[{"@type":"WebPage","@id":"https:\/\/learning-teaching.audencia.com\/animer-et-evaluer-les-etudiants\/","url":"https:\/\/learning-teaching.audencia.com\/animer-et-evaluer-les-etudiants\/","name":"ANIMER ET \u00c9VALUER LES ETUDIANTS - Audencia Learning &amp; Teaching Hub","isPartOf":{"@id":"https:\/\/learning-teaching.audencia.com\/#website"},"primaryImageOfPage":{"@id":"https:\/\/learning-teaching.audencia.com\/animer-et-evaluer-les-etudiants\/#primaryimage"},"image":{"@id":"https:\/\/learning-teaching.audencia.com\/animer-et-evaluer-les-etudiants\/#primaryimage"},"thumbnailUrl":"https:\/\/learning-teaching.audencia.com\/themes\/enfold\/images\/home-button2.svg","datePublished":"2021-07-28T15:35:55+00:00","dateModified":"2025-01-03T10:49:35+00:00","breadcrumb":{"@id":"https:\/\/learning-teaching.audencia.com\/animer-et-evaluer-les-etudiants\/#breadcrumb"},"inLanguage":"en-GB","potentialAction":[{"@type":"ReadAction","target":["https:\/\/learning-teaching.audencia.com\/animer-et-evaluer-les-etudiants\/"]}]},{"@type":"ImageObject","inLanguage":"en-GB","@id":"https:\/\/learning-teaching.audencia.com\/animer-et-evaluer-les-etudiants\/#primaryimage","url":"https:\/\/learning-teaching.audencia.com\/themes\/enfold\/images\/home-button2.svg","contentUrl":"https:\/\/learning-teaching.audencia.com\/themes\/enfold\/images\/home-button2.svg"},{"@type":"BreadcrumbList","@id":"https:\/\/learning-teaching.audencia.com\/animer-et-evaluer-les-etudiants\/#breadcrumb","itemListElement":[{"@type":"ListItem","position":1,"name":"Accueil","item":"https:\/\/learning-teaching.audencia.com\/"},{"@type":"ListItem","position":2,"name":"ANIMER ET \u00c9VALUER LES ETUDIANTS"}]},{"@type":"WebSite","@id":"https:\/\/learning-teaching.audencia.com\/#website","url":"https:\/\/learning-teaching.audencia.com\/","name":"Audencia Learning & Teaching Hub","description":"","publisher":{"@id":"https:\/\/learning-teaching.audencia.com\/#organization"},"potentialAction":[{"@type":"SearchAction","target":{"@type":"EntryPoint","urlTemplate":"https:\/\/learning-teaching.audencia.com\/?s={search_term_string}"},"query-input":{"@type":"PropertyValueSpecification","valueRequired":true,"valueName":"search_term_string"}}],"inLanguage":"en-GB"},{"@type":"Organization","@id":"https:\/\/learning-teaching.audencia.com\/#organization","name":"Audencia Learning & Teaching Hub","url":"https:\/\/learning-teaching.audencia.com\/","logo":{"@type":"ImageObject","inLanguage":"en-GB","@id":"https:\/\/learning-teaching.audencia.com\/#\/schema\/logo\/image\/","url":"https:\/\/learning-teaching.audencia.com\/wp-content\/uploads\/2023\/02\/cropped-LearningTeachingHUB_2-07.png","contentUrl":"https:\/\/learning-teaching.audencia.com\/wp-content\/uploads\/2023\/02\/cropped-LearningTeachingHUB_2-07.png","width":512,"height":512,"caption":"Audencia Learning & Teaching Hub"},"image":{"@id":"https:\/\/learning-teaching.audencia.com\/#\/schema\/logo\/image\/"}}]}},"_links":{"self":[{"href":"https:\/\/learning-teaching.audencia.com\/en\/wp-json\/wp\/v2\/pages\/257","targetHints":{"allow":["GET"]}}],"collection":[{"href":"https:\/\/learning-teaching.audencia.com\/en\/wp-json\/wp\/v2\/pages"}],"about":[{"href":"https:\/\/learning-teaching.audencia.com\/en\/wp-json\/wp\/v2\/types\/page"}],"author":[{"embeddable":true,"href":"https:\/\/learning-teaching.audencia.com\/en\/wp-json\/wp\/v2\/users\/1"}],"replies":[{"embeddable":true,"href":"https:\/\/learning-teaching.audencia.com\/en\/wp-json\/wp\/v2\/comments?post=257"}],"version-history":[{"count":10,"href":"https:\/\/learning-teaching.audencia.com\/en\/wp-json\/wp\/v2\/pages\/257\/revisions"}],"predecessor-version":[{"id":5388,"href":"https:\/\/learning-teaching.audencia.com\/en\/wp-json\/wp\/v2\/pages\/257\/revisions\/5388"}],"wp:attachment":[{"href":"https:\/\/learning-teaching.audencia.com\/en\/wp-json\/wp\/v2\/media?parent=257"}],"curies":[{"name":"wp","href":"https:\/\/api.w.org\/{rel}","templated":true}]}}